{"id":1154,"date":"2025-10-20T10:34:55","date_gmt":"2025-10-20T08:34:55","guid":{"rendered":"https:\/\/lucieconceptbeauteetformations.fr\/?page_id=1154"},"modified":"2025-11-05T10:47:16","modified_gmt":"2025-11-05T09:47:16","slug":"cgv","status":"publish","type":"page","link":"https:\/\/www.lucieconceptbeauteetformations.fr\/cgv\/","title":{"rendered":"CGV"},"content":{"rendered":"\t\t<div data-elementor-type=\"wp-page\" data-elementor-id=\"1154\" class=\"elementor elementor-1154\">\n\t\t\t\t<div class=\"elementor-element elementor-element-a3a0541 e-flex e-con-boxed e-con e-parent\" data-id=\"a3a0541\" data-element_type=\"container\" data-e-type=\"container\">\n\t\t\t\t\t<div class=\"e-con-inner\">\n\t\t\t\t<div class=\"elementor-element elementor-element-0e3b7c6 elementor-widget elementor-widget-text-editor\" data-id=\"0e3b7c6\" data-element_type=\"widget\" data-e-type=\"widget\" data-widget_type=\"text-editor.default\">\n\t\t\t\t\t\t\t\t\t<h2 class=\"wp-block-heading\">Clause n\u00b0 1 : Objet<\/h2><p>Les conditions g\u00e9n\u00e9rales de vente d\u00e9crites ci-apr\u00e8s d\u00e9taillent les droits et obligations d\u2019entreprise de Lucie Lenotte dans le cadre de la vente des marchandises vendues sur le site.<br \/>Toute prestation accomplie notre entreprise implique donc l\u2019adh\u00e9sion sans r\u00e9serve de l\u2019acheteur aux pr\u00e9sentes conditions g\u00e9n\u00e9rales de vente.<\/p><h2 class=\"wp-block-heading\">Clause n\u00b0 2 : Prix<\/h2><p>Les prix des marchandises vendues sont ceux en vigueur au jour de la prise de commande. Ils sont libell\u00e9s en euros et calcul\u00e9s hors taxes. Par voie de cons\u00e9quence, ils seront major\u00e9s du taux de TVA et des frais de transport applicables au jour de la commande.<br \/>Notre entreprise s\u2019accorde le droit de modifier ses tarifs \u00e0 tout moment. Toutefois, elle s\u2019engage \u00e0 facturer les marchandises command\u00e9es aux prix indiqu\u00e9s lors de l\u2019enregistrement de la commande.<\/p><h2 class=\"wp-block-heading\">Clause n\u00b0 3 : Rabais et ristournes<\/h2><p>Les tarifs propos\u00e9s comprennent les rabais et ristournes que notre entreprise serait amen\u00e9e \u00e0 octroyer compte tenu de ses r\u00e9sultats ou de la prise en charge par l\u2019acheteur de certaines prestations.<\/p><h2 class=\"wp-block-heading\">Clause n\u00b0 4 : Escompte<\/h2><p>Aucun escompte ne sera consenti en cas de paiement anticip\u00e9.<\/p><h2 class=\"wp-block-heading\">Clause n\u00b0 5 : Modalit\u00e9s de paiement<\/h2><p>Le r\u00e8glement des commandes s\u2019effectue :<\/p><ul class=\"wp-block-list\"><li>soit par ch\u00e8que ;<\/li><li>soit par carte bancaire ;<\/li><li>le cas \u00e9ch\u00e9ant, indiquer les autres moyens de paiement accept\u00e9s.<\/li><\/ul><p>Lors de l\u2019enregistrement de la commande, l\u2019acheteur devra verser un acompte de 10% du montant global de la facture, le solde devant \u00eatre pay\u00e9 \u00e0 r\u00e9ception des marchandises.<\/p><h2 class=\"wp-block-heading\">Clause n\u00b0 6 : Retard de paiement<\/h2><p>En cas de d\u00e9faut de paiement total ou partiel des marchandises livr\u00e9es au jour de la r\u00e9ception, l\u2019acheteur doit nous verser une p\u00e9nalit\u00e9 de retard \u00e9gale \u00e0 trois fois le taux de l\u2019int\u00e9r\u00eat l\u00e9gal.<br \/>Le taux de l\u2019int\u00e9r\u00eat l\u00e9gal retenu est celui en vigueur au jour de la livraison des marchandises.<\/p><p>A compter du 1er janvier 2015, le taux d\u2019int\u00e9r\u00eat l\u00e9gal sera r\u00e9vis\u00e9 tous les 6 mois\u00a0(Ordonnance n\u00b02014-947 du 20 ao\u00fbt 2014).<br \/>Cette p\u00e9nalit\u00e9 est calcul\u00e9e sur le montant TTC de la somme restant due, et court \u00e0 compter de la date d\u2019\u00e9ch\u00e9ance du prix sans qu\u2019aucune mise en demeure pr\u00e9alable ne soit n\u00e9cessaire.En sus des indemnit\u00e9s de retard, toute somme, y compris l\u2019acompte, non pay\u00e9e \u00e0 sa date d\u2019exigibilit\u00e9 produira de plein droit le paiement d\u2019une indemnit\u00e9 forfaitaire de 40 euros due au titre des frais de recouvrement.<br \/><em>Articles 441-6, I alin\u00e9a 12 et D. 441-5\u00a0<\/em><em>du code de commerce.<\/em><\/p><h2 class=\"wp-block-heading\">Clause n\u00b0 7 : Clause r\u00e9solutoire<\/h2><p>Si dans les quinze jours qui suivent la mise en oeuvre de la clause \u201d Retard de paiement \u201c, l\u2019acheteur ne s\u2019est pas acquitt\u00e9 des sommes restant dues, la vente sera r\u00e9solue de plein droit et pourra ouvrir droit \u00e0 l\u2019allocation de dommages et int\u00e9r\u00eats au profit de notre entreprise.<\/p><h2 class=\"wp-block-heading\">Clause n\u00b0 8 : Clause de r\u00e9serve de propri\u00e9t\u00e9<\/h2><p>Notre entreprise conserve la propri\u00e9t\u00e9 des biens vendus jusqu\u2019au paiement int\u00e9gral du prix, en principal et en accessoires. \u00c0 ce titre, si l\u2019acheteur fait l\u2019objet d\u2019un redressement ou d\u2019une liquidation judiciaire, notre entreprise se r\u00e9serve le droit de revendiquer, dans le cadre de la proc\u00e9dure collective, les marchandises vendues et rest\u00e9es impay\u00e9es.<\/p><h2 class=\"wp-block-heading\">Clause n\u00b0 9 : Livraison<\/h2><p>La livraison est effectu\u00e9e :<\/p><ul class=\"wp-block-list\"><li>soit par la remise directe de la marchandise \u00e0 l\u2019acheteur ;<\/li><li>soit par l\u2019envoi d\u2019un avis de mise \u00e0 disposition en magasin \u00e0 l\u2019attention de l\u2019acheteur ;<\/li><li>soit au lieu indiqu\u00e9 par l\u2019acheteur sur le bon de commande.<\/li><\/ul><p>Le d\u00e9lai de livraison indiqu\u00e9 lors de l\u2019enregistrement de la commande n\u2019est donn\u00e9 qu\u2019\u00e0 titre indicatif et n\u2019est aucunement garanti.Par voie de cons\u00e9quence, tout retard raisonnable dans la livraison des produits ne pourra pas donner lieu au profit de l\u2019acheteur \u00e0 :<\/p><ul class=\"wp-block-list\"><li>l\u2019allocation de dommages et int\u00e9r\u00eats ;<\/li><li>l\u2019annulation de la commande.<\/li><\/ul><p>Le risque du transport est support\u00e9 en totalit\u00e9 par l\u2019acheteur.<br \/>En cas de marchandises manquantes ou d\u00e9t\u00e9rior\u00e9es lors du transport, l\u2019acheteur devra formuler toutes les r\u00e9serves n\u00e9cessaires sur le bon de commande \u00e0 r\u00e9ception desdites marchandises. Ces r\u00e9serves devront \u00eatre, en outre, confirm\u00e9es par \u00e9crit dans les cinq jours suivant la livraison, par courrier recommand\u00e9 AR.<\/p><h2 class=\"wp-block-heading\">Clause n\u00b0 10 : Force majeure<\/h2><p>La responsabilit\u00e9 notre entreprise ne pourra pas \u00eatre mise en \u0153uvre si la non-ex\u00e9cution ou le retard dans l\u2019ex\u00e9cution de l\u2019une de ses obligations d\u00e9crites dans les pr\u00e9sentes conditions g\u00e9n\u00e9rales de vente d\u00e9coule d\u2019un cas de force majeure. \u00c0 ce titre, la force majeure s\u2019entend de tout \u00e9v\u00e9nement ext\u00e9rieur, impr\u00e9visible et irr\u00e9sistible au sens de l\u2019article 1148 du Code civil.<\/p><h2 class=\"wp-block-heading\">Clause n\u00b0 11 : Tribunal comp\u00e9tent<\/h2><p>Tout litige relatif \u00e0 l\u2019interpr\u00e9tation et \u00e0 l\u2019ex\u00e9cution des pr\u00e9sentes conditions g\u00e9n\u00e9rales de vente est soumis au droit fran\u00e7ais. \u00c0 d\u00e9faut de r\u00e9solution amiable, le litige sera port\u00e9 devant le Tribunal de commerce de la ville de notre entreprise.<\/p>\t\t\t\t\t\t\t\t<\/div>\n\t\t\t\t\t<\/div>\n\t\t\t\t<\/div>\n\t\t\t\t<\/div>\n\t\t","protected":false},"excerpt":{"rendered":"<p>Clause n\u00b0 1 : Objet Les conditions g\u00e9n\u00e9rales de vente d\u00e9crites ci-apr\u00e8s d\u00e9taillent les droits et obligations d\u2019entreprise de Lucie Lenotte dans le cadre de la vente des marchandises vendues &hellip; <\/p>\n","protected":false},"author":1,"featured_media":0,"parent":0,"menu_order":0,"comment_status":"closed","ping_status":"closed","template":"","meta":{"footnotes":""},"class_list":["post-1154","page","type-page","status-publish","hentry"],"yoast_head":"<!-- This site is optimized with the Yoast SEO plugin v27.3 - https:\/\/yoast.com\/product\/yoast-seo-wordpress\/ -->\n<title>CGV | Lucie Concept Beaut\u00e9 Et Formations<\/title>\n<meta name=\"robots\" content=\"index, follow, max-snippet:-1, max-image-preview:large, max-video-preview:-1\" \/>\n<link rel=\"canonical\" href=\"https:\/\/www.lucieconceptbeauteetformations.fr\/cgv\/\" \/>\n<meta property=\"og:locale\" content=\"fr_FR\" \/>\n<meta property=\"og:type\" content=\"article\" \/>\n<meta property=\"og:title\" content=\"CGV | Lucie Concept Beaut\u00e9 Et Formations\" \/>\n<meta property=\"og:description\" content=\"Clause n\u00b0 1 : Objet Les conditions g\u00e9n\u00e9rales de vente d\u00e9crites ci-apr\u00e8s d\u00e9taillent les droits et obligations d\u2019entreprise de Lucie Lenotte dans le cadre de la vente des marchandises vendues &hellip;\" \/>\n<meta property=\"og:url\" content=\"https:\/\/www.lucieconceptbeauteetformations.fr\/cgv\/\" \/>\n<meta property=\"og:site_name\" content=\"Lucie Concept Beaut\u00e9 Et Formations\" \/>\n<meta property=\"article:publisher\" content=\"https:\/\/www.facebook.com\/profile.php?id=100063768332087\" \/>\n<meta property=\"article:modified_time\" content=\"2025-11-05T09:47:16+00:00\" \/>\n<meta name=\"twitter:card\" content=\"summary_large_image\" \/>\n<meta name=\"twitter:label1\" content=\"Dur\u00e9e de lecture estim\u00e9e\" \/>\n\t<meta name=\"twitter:data1\" content=\"4 minutes\" \/>\n<script type=\"application\/ld+json\" class=\"yoast-schema-graph\">{\"@context\":\"https:\\\/\\\/schema.org\",\"@graph\":[{\"@type\":\"WebPage\",\"@id\":\"https:\\\/\\\/www.lucieconceptbeauteetformations.fr\\\/cgv\\\/\",\"url\":\"https:\\\/\\\/www.lucieconceptbeauteetformations.fr\\\/cgv\\\/\",\"name\":\"CGV | Lucie Concept Beaut\u00e9 Et Formations\",\"isPartOf\":{\"@id\":\"https:\\\/\\\/www.lucieconceptbeauteetformations.fr\\\/#website\"},\"datePublished\":\"2025-10-20T08:34:55+00:00\",\"dateModified\":\"2025-11-05T09:47:16+00:00\",\"breadcrumb\":{\"@id\":\"https:\\\/\\\/www.lucieconceptbeauteetformations.fr\\\/cgv\\\/#breadcrumb\"},\"inLanguage\":\"fr-FR\",\"potentialAction\":[{\"@type\":\"ReadAction\",\"target\":[\"https:\\\/\\\/www.lucieconceptbeauteetformations.fr\\\/cgv\\\/\"]}]},{\"@type\":\"BreadcrumbList\",\"@id\":\"https:\\\/\\\/www.lucieconceptbeauteetformations.fr\\\/cgv\\\/#breadcrumb\",\"itemListElement\":[{\"@type\":\"ListItem\",\"position\":1,\"name\":\"Accueil\",\"item\":\"https:\\\/\\\/www.lucieconceptbeauteetformations.fr\\\/\"},{\"@type\":\"ListItem\",\"position\":2,\"name\":\"CGV\"}]},{\"@type\":\"WebSite\",\"@id\":\"https:\\\/\\\/www.lucieconceptbeauteetformations.fr\\\/#website\",\"url\":\"https:\\\/\\\/www.lucieconceptbeauteetformations.fr\\\/\",\"name\":\"Lucie Concept Beaut\u00e9 Et Formations\",\"description\":\"\",\"publisher\":{\"@id\":\"https:\\\/\\\/www.lucieconceptbeauteetformations.fr\\\/#organization\"},\"alternateName\":\"LCBF\",\"potentialAction\":[{\"@type\":\"SearchAction\",\"target\":{\"@type\":\"EntryPoint\",\"urlTemplate\":\"https:\\\/\\\/www.lucieconceptbeauteetformations.fr\\\/?s={search_term_string}\"},\"query-input\":{\"@type\":\"PropertyValueSpecification\",\"valueRequired\":true,\"valueName\":\"search_term_string\"}}],\"inLanguage\":\"fr-FR\"},{\"@type\":\"Organization\",\"@id\":\"https:\\\/\\\/www.lucieconceptbeauteetformations.fr\\\/#organization\",\"name\":\"Lucie Concept Beaut\u00e9 et Formations\",\"alternateName\":\"Lucie Lenotte\",\"url\":\"https:\\\/\\\/www.lucieconceptbeauteetformations.fr\\\/\",\"logo\":{\"@type\":\"ImageObject\",\"inLanguage\":\"fr-FR\",\"@id\":\"https:\\\/\\\/www.lucieconceptbeauteetformations.fr\\\/#\\\/schema\\\/logo\\\/image\\\/\",\"url\":\"https:\\\/\\\/www.lucieconceptbeauteetformations.fr\\\/wp-content\\\/uploads\\\/2025\\\/11\\\/logo-400x400-1-250x250-1.png\",\"contentUrl\":\"https:\\\/\\\/www.lucieconceptbeauteetformations.fr\\\/wp-content\\\/uploads\\\/2025\\\/11\\\/logo-400x400-1-250x250-1.png\",\"width\":250,\"height\":250,\"caption\":\"Lucie Concept Beaut\u00e9 et Formations\"},\"image\":{\"@id\":\"https:\\\/\\\/www.lucieconceptbeauteetformations.fr\\\/#\\\/schema\\\/logo\\\/image\\\/\"},\"sameAs\":[\"https:\\\/\\\/www.facebook.com\\\/profile.php?id=100063768332087\"]}]}<\/script>\n<!-- \/ Yoast SEO plugin. -->","yoast_head_json":{"title":"CGV | Lucie Concept Beaut\u00e9 Et Formations","robots":{"index":"index","follow":"follow","max-snippet":"max-snippet:-1","max-image-preview":"max-image-preview:large","max-video-preview":"max-video-preview:-1"},"canonical":"https:\/\/www.lucieconceptbeauteetformations.fr\/cgv\/","og_locale":"fr_FR","og_type":"article","og_title":"CGV | Lucie Concept Beaut\u00e9 Et Formations","og_description":"Clause n\u00b0 1 : Objet Les conditions g\u00e9n\u00e9rales de vente d\u00e9crites ci-apr\u00e8s d\u00e9taillent les droits et obligations d\u2019entreprise de Lucie Lenotte dans le cadre de la vente des marchandises vendues &hellip;","og_url":"https:\/\/www.lucieconceptbeauteetformations.fr\/cgv\/","og_site_name":"Lucie Concept Beaut\u00e9 Et Formations","article_publisher":"https:\/\/www.facebook.com\/profile.php?id=100063768332087","article_modified_time":"2025-11-05T09:47:16+00:00","twitter_card":"summary_large_image","twitter_misc":{"Dur\u00e9e de lecture estim\u00e9e":"4 minutes"},"schema":{"@context":"https:\/\/schema.org","@graph":[{"@type":"WebPage","@id":"https:\/\/www.lucieconceptbeauteetformations.fr\/cgv\/","url":"https:\/\/www.lucieconceptbeauteetformations.fr\/cgv\/","name":"CGV | Lucie Concept Beaut\u00e9 Et Formations","isPartOf":{"@id":"https:\/\/www.lucieconceptbeauteetformations.fr\/#website"},"datePublished":"2025-10-20T08:34:55+00:00","dateModified":"2025-11-05T09:47:16+00:00","breadcrumb":{"@id":"https:\/\/www.lucieconceptbeauteetformations.fr\/cgv\/#breadcrumb"},"inLanguage":"fr-FR","potentialAction":[{"@type":"ReadAction","target":["https:\/\/www.lucieconceptbeauteetformations.fr\/cgv\/"]}]},{"@type":"BreadcrumbList","@id":"https:\/\/www.lucieconceptbeauteetformations.fr\/cgv\/#breadcrumb","itemListElement":[{"@type":"ListItem","position":1,"name":"Accueil","item":"https:\/\/www.lucieconceptbeauteetformations.fr\/"},{"@type":"ListItem","position":2,"name":"CGV"}]},{"@type":"WebSite","@id":"https:\/\/www.lucieconceptbeauteetformations.fr\/#website","url":"https:\/\/www.lucieconceptbeauteetformations.fr\/","name":"Lucie Concept Beaut\u00e9 Et Formations","description":"","publisher":{"@id":"https:\/\/www.lucieconceptbeauteetformations.fr\/#organization"},"alternateName":"LCBF","potentialAction":[{"@type":"SearchAction","target":{"@type":"EntryPoint","urlTemplate":"https:\/\/www.lucieconceptbeauteetformations.fr\/?s={search_term_string}"},"query-input":{"@type":"PropertyValueSpecification","valueRequired":true,"valueName":"search_term_string"}}],"inLanguage":"fr-FR"},{"@type":"Organization","@id":"https:\/\/www.lucieconceptbeauteetformations.fr\/#organization","name":"Lucie Concept Beaut\u00e9 et Formations","alternateName":"Lucie Lenotte","url":"https:\/\/www.lucieconceptbeauteetformations.fr\/","logo":{"@type":"ImageObject","inLanguage":"fr-FR","@id":"https:\/\/www.lucieconceptbeauteetformations.fr\/#\/schema\/logo\/image\/","url":"https:\/\/www.lucieconceptbeauteetformations.fr\/wp-content\/uploads\/2025\/11\/logo-400x400-1-250x250-1.png","contentUrl":"https:\/\/www.lucieconceptbeauteetformations.fr\/wp-content\/uploads\/2025\/11\/logo-400x400-1-250x250-1.png","width":250,"height":250,"caption":"Lucie Concept Beaut\u00e9 et Formations"},"image":{"@id":"https:\/\/www.lucieconceptbeauteetformations.fr\/#\/schema\/logo\/image\/"},"sameAs":["https:\/\/www.facebook.com\/profile.php?id=100063768332087"]}]}},"_links":{"self":[{"href":"https:\/\/www.lucieconceptbeauteetformations.fr\/wp-json\/wp\/v2\/pages\/1154","targetHints":{"allow":["GET"]}}],"collection":[{"href":"https:\/\/www.lucieconceptbeauteetformations.fr\/wp-json\/wp\/v2\/pages"}],"about":[{"href":"https:\/\/www.lucieconceptbeauteetformations.fr\/wp-json\/wp\/v2\/types\/page"}],"author":[{"embeddable":true,"href":"https:\/\/www.lucieconceptbeauteetformations.fr\/wp-json\/wp\/v2\/users\/1"}],"replies":[{"embeddable":true,"href":"https:\/\/www.lucieconceptbeauteetformations.fr\/wp-json\/wp\/v2\/comments?post=1154"}],"version-history":[{"count":13,"href":"https:\/\/www.lucieconceptbeauteetformations.fr\/wp-json\/wp\/v2\/pages\/1154\/revisions"}],"predecessor-version":[{"id":1371,"href":"https:\/\/www.lucieconceptbeauteetformations.fr\/wp-json\/wp\/v2\/pages\/1154\/revisions\/1371"}],"wp:attachment":[{"href":"https:\/\/www.lucieconceptbeauteetformations.fr\/wp-json\/wp\/v2\/media?parent=1154"}],"curies":[{"name":"wp","href":"https:\/\/api.w.org\/{rel}","templated":true}]}}